{"id":68,"date":"2015-01-10T15:41:35","date_gmt":"2015-01-10T15:41:35","guid":{"rendered":"http:\/\/www.pizzeria-etna-geilenkirchen.de\/?page_id=68"},"modified":"2022-03-15T02:00:43","modified_gmt":"2022-03-15T02:00:43","slug":"ueber-uns","status":"publish","type":"page","link":"http:\/\/www.pizzeria-etna-geilenkirchen.de\/?page_id=68","title":{"rendered":"\u00dcber uns"},"content":{"rendered":"<h3><em><strong>Pizzeria Etna \/ Vulkan \u00c4tna<\/strong><\/em><\/h3>\n<p>Der \u00c4tna (italienisch Etna oder auch Mongibello) ist mit etwa 3323 Meter \u00fcber dem Meeresspiegel der h\u00f6chste und aktivste Vulkan Europas. Er liegt auf der italienischen Insel Sizilien in der N\u00e4he von Catania und Messina. Am 21. Juni 2013 hat die UNESCO den \u00c4tna in die Liste des Weltnaturerbes aufgenommen.<\/p>\n<p>Der \u00c4tna entstand vor etwa 600.000 Jahren an der Ostk\u00fcste Siziliens an einer Stelle, wo eine Bucht weit in das Landesinnere hineinreichte und vor einer Million Jahren die ersten unterseeischen vulkanischen T\u00e4tigkeiten aufgetreten waren.<\/p>\n<p>Der Name \u00c4tna ist indogermanischen Ursprungs und bedeutet so viel wie \u201ebrennend\u201c. (vgl. Sanskrit: Aid-na = die Brennende). Auch das verwandte griechische Wort \u201eaitho\u201c bedeutet brennen. Es wird jedoch angenommen, dass der Name \u00c4tna nicht erst auf die griechischen Siedler zur\u00fcckgeht, sondern bereits von fr\u00fcheren indogermanischen Einwohnern gepr\u00e4gt wurde. In der Umgangssprache hat der \u00c4tna auch den Namen \u201eMongibello\u201c, abgeleitet aus lat. \u201emons\u201c (italienisch \u201emonte\u201c) und arabisch \u201edjebel\u201c, was beides einfach \u201eBerg\u201c bedeutet.<\/p>\n<p><strong>Geografie<\/strong><\/p>\n<p>Der \u00c4tna hat vier Gipfelkrater: den Hauptkrater, den direkt daneben liegenden Krater \u201eBocca Nuova\u201c (neuer Schlund) von 1968 sowie den Nordostkrater von 1911 und den S\u00fcdostkrater von 1979, die etwas abseits des Hauptkraters liegen. Der Aussto\u00df von Lava bei einem Ausbruch erfolgt aber meistens nicht \u00fcber die Gipfelkrater, sondern an den Flanken des Bergkegels. Im Laufe der Jahrtausende haben sich dadurch mittlerweile etwa 400 Nebenkrater gebildet wie 1892 die Silvestri-Berge.<\/p>\n<p>Die aktuelle H\u00f6he des \u00c4tna kann nicht exakt angegeben werden, da sie sich durch Schlackenkegel und zerst\u00f6rerische Ausbr\u00fcche oft \u00e4ndert. Der Gebirgsstock des \u00c4tna nimmt eine Fl\u00e4che von rund 1250\u00a0Quadratkilometer ein und hat einen Umfang von etwa 250\u00a0Kilometer.<\/p>\n","protected":false},"excerpt":{"rendered":"<p>Pizzeria Etna \/ Vulkan \u00c4tna Der \u00c4tna (italienisch Etna oder auch Mongibello) ist mit etwa 3323 Meter \u00fcber dem Meeresspiegel der h\u00f6chste und aktivste Vulkan Europas. Er liegt auf der italienischen Insel Sizilien in der N\u00e4he von Catania und Messina. Am 21. Juni 2013 hat die UNESCO den \u00c4tna in die Liste des Weltnaturerbes aufgenommen. [&hellip;]<\/p>\n","protected":false},"author":1,"featured_media":0,"parent":0,"menu_order":0,"comment_status":"closed","ping_status":"closed","template":"","meta":[],"_links":{"self":[{"href":"http:\/\/www.pizzeria-etna-geilenkirchen.de\/index.php?rest_route=\/wp\/v2\/pages\/68"}],"collection":[{"href":"http:\/\/www.pizzeria-etna-geilenkirchen.de\/index.php?rest_route=\/wp\/v2\/pages"}],"about":[{"href":"http:\/\/www.pizzeria-etna-geilenkirchen.de\/index.php?rest_route=\/wp\/v2\/types\/page"}],"author":[{"embeddable":true,"href":"http:\/\/www.pizzeria-etna-geilenkirchen.de\/index.php?rest_route=\/wp\/v2\/users\/1"}],"replies":[{"embeddable":true,"href":"http:\/\/www.pizzeria-etna-geilenkirchen.de\/index.php?rest_route=%2Fwp%2Fv2%2Fcomments&post=68"}],"version-history":[{"count":14,"href":"http:\/\/www.pizzeria-etna-geilenkirchen.de\/index.php?rest_route=\/wp\/v2\/pages\/68\/revisions"}],"predecessor-version":[{"id":375,"href":"http:\/\/www.pizzeria-etna-geilenkirchen.de\/index.php?rest_route=\/wp\/v2\/pages\/68\/revisions\/375"}],"wp:attachment":[{"href":"http:\/\/www.pizzeria-etna-geilenkirchen.de\/index.php?rest_route=%2Fwp%2Fv2%2Fmedia&parent=68"}],"curies":[{"name":"wp","href":"https:\/\/api.w.org\/{rel}","templated":true}]}}